{"id":298,"date":"2019-07-16T20:20:42","date_gmt":"2019-07-16T18:20:42","guid":{"rendered":"http:\/\/s610584247.online.de\/Karsten%20Metz\/?page_id=298"},"modified":"2023-02-10T17:32:55","modified_gmt":"2023-02-10T16:32:55","slug":"imrepssum","status":"publish","type":"page","link":"https:\/\/metz-hagen.de\/?page_id=298","title":{"rendered":"Impressum"},"content":{"rendered":"\n<style type=\"text\/css\" data-created_by=\"avia_inline_auto\" id=\"style-css-av-av_heading-c67c182442708f586fb85f038e91a1e9\">\n#top .av-special-heading.av-av_heading-c67c182442708f586fb85f038e91a1e9{\npadding-bottom:10px;\n}\nbody .av-special-heading.av-av_heading-c67c182442708f586fb85f038e91a1e9 .av-special-heading-tag .heading-char{\nfont-size:25px;\n}\n.av-special-heading.av-av_heading-c67c182442708f586fb85f038e91a1e9 .av-subheading{\nfont-size:15px;\n}\n<\/style>\n<div  class='av-special-heading av-av_heading-c67c182442708f586fb85f038e91a1e9 av-special-heading-h1 blockquote modern-quote modern-centered  avia-builder-el-0  el_before_av_hr  avia-builder-el-first '><h1 class='av-special-heading-tag'  itemprop=\"headline\"  >Impressum<\/h1><div class=\"special-heading-border\"><div class=\"special-heading-inner-border\"><\/div><\/div><\/div>\n\n<style type=\"text\/css\" data-created_by=\"avia_inline_auto\" id=\"style-css-av-jy655qo1-e1abc2cdb3256855bdc7042a17cd8fea\">\n#top .hr.av-jy655qo1-e1abc2cdb3256855bdc7042a17cd8fea{\nmargin-top:15px;\nmargin-bottom:15px;\n}\n.hr.av-jy655qo1-e1abc2cdb3256855bdc7042a17cd8fea .hr-inner{\nwidth:50px;\nborder-color:#104496;\n}\n<\/style>\n<div  class='hr av-jy655qo1-e1abc2cdb3256855bdc7042a17cd8fea hr-custom  avia-builder-el-1  el_after_av_heading  el_before_av_textblock  hr-center hr-icon-no'><span class='hr-inner inner-border-av-border-thin'><span class=\"hr-inner-style\"><\/span><\/span><\/div>\n<section  class='av_textblock_section av-jy656mzw-448cace51ae4c8d68d3e6f908b5bd544'  itemscope=\"itemscope\" itemtype=\"https:\/\/schema.org\/CreativeWork\" ><div class='avia_textblock'  itemprop=\"text\" ><p>Karsten Metz, Bauingenieur<br \/>\nRuhrstrasse 12<br \/>\n58097 Hagen<\/p>\n<p>Tel.: (0 23 31) \/ 12 78 751<br \/>\nFax: (0 23 31) \/ 12 78 752<\/p>\n<p>Umsatzsteuer-Identifikationsnummer<\/p>\n<p>DE 271685216<\/p>\n<p>Haftungsausschluss<\/p>\n<p>Trotz sorgf\u00e4ltiger Pr\u00fcfung k\u00f6nnen wir keine Haftung f\u00fcr die Inhalte externer Links \u00fcbernehmen. F\u00fcr den Inhalt dieser Seiten sind ausschlie\u00dflich deren Betreiber verantwortlich.<\/p>\n<\/div><\/section>\n<div  class='avia-button-wrap av-jyn69d5g-d997e687f20fa4085a1b4cf86304ac96-wrap avia-button-left  avia-builder-el-3  el_after_av_textblock  avia-builder-el-last '><a href='mailto:Info@Metz-Hagen.De'  class='avia-button av-jyn69d5g-d997e687f20fa4085a1b4cf86304ac96 avia-icon_select-yes-left-icon avia-size-large avia-position-left avia-color-theme-color'  ><span class='avia_button_icon avia_button_icon_left' aria-hidden='true' data-av_icon='\ue805' data-av_iconfont='entypo-fontello'><\/span><span class='avia_iconbox_title' >E-Mail<\/span><\/a><\/div>\n","protected":false},"excerpt":{"rendered":"","protected":false},"author":2,"featured_media":0,"parent":0,"menu_order":0,"comment_status":"closed","ping_status":"closed","template":"","meta":{"_monsterinsights_skip_tracking":false,"_monsterinsights_sitenote_active":false,"_monsterinsights_sitenote_note":"","_monsterinsights_sitenote_category":0,"footnotes":""},"class_list":["post-298","page","type-page","status-publish","hentry"],"aioseo_notices":[],"_links":{"self":[{"href":"https:\/\/metz-hagen.de\/index.php?rest_route=\/wp\/v2\/pages\/298","targetHints":{"allow":["GET"]}}],"collection":[{"href":"https:\/\/metz-hagen.de\/index.php?rest_route=\/wp\/v2\/pages"}],"about":[{"href":"https:\/\/metz-hagen.de\/index.php?rest_route=\/wp\/v2\/types\/page"}],"author":[{"embeddable":true,"href":"https:\/\/metz-hagen.de\/index.php?rest_route=\/wp\/v2\/users\/2"}],"replies":[{"embeddable":true,"href":"https:\/\/metz-hagen.de\/index.php?rest_route=%2Fwp%2Fv2%2Fcomments&post=298"}],"version-history":[{"count":6,"href":"https:\/\/metz-hagen.de\/index.php?rest_route=\/wp\/v2\/pages\/298\/revisions"}],"predecessor-version":[{"id":1945,"href":"https:\/\/metz-hagen.de\/index.php?rest_route=\/wp\/v2\/pages\/298\/revisions\/1945"}],"wp:attachment":[{"href":"https:\/\/metz-hagen.de\/index.php?rest_route=%2Fwp%2Fv2%2Fmedia&parent=298"}],"curies":[{"name":"wp","href":"https:\/\/api.w.org\/{rel}","templated":true}]}}