{"id":31,"date":"2015-10-21T12:34:01","date_gmt":"2015-10-21T12:34:01","guid":{"rendered":"http:\/\/test.kriesi.at\/construction\/?page_id=31"},"modified":"2025-07-26T12:41:34","modified_gmt":"2025-07-26T10:41:34","slug":"company","status":"publish","type":"page","link":"https:\/\/metz-hagen.de\/?page_id=31","title":{"rendered":"\u00dcber uns"},"content":{"rendered":"\n<style type=\"text\/css\" data-created_by=\"avia_inline_auto\" id=\"style-css-av-3a4hr-8f0886355628055a03cc2aa461bd446c\">\n#top .av-special-heading.av-3a4hr-8f0886355628055a03cc2aa461bd446c{\npadding-bottom:0;\n}\nbody .av-special-heading.av-3a4hr-8f0886355628055a03cc2aa461bd446c .av-special-heading-tag .heading-char{\nfont-size:25px;\n}\n.av-special-heading.av-3a4hr-8f0886355628055a03cc2aa461bd446c .av-subheading{\nfont-size:15px;\n}\n<\/style>\n<div  class='av-special-heading av-3a4hr-8f0886355628055a03cc2aa461bd446c av-special-heading-h1 blockquote modern-quote modern-centered  avia-builder-el-0  el_before_av_hr  avia-builder-el-first '><h1 class='av-special-heading-tag'  itemprop=\"headline\"  >Unsere Firma<\/h1><div class=\"special-heading-border\"><div class=\"special-heading-inner-border\"><\/div><\/div><\/div>\n\n<style type=\"text\/css\" data-created_by=\"avia_inline_auto\" id=\"style-css-av-l3mjv-00495cfae392c94caa09f7287d2ee581\">\n#top .hr.av-l3mjv-00495cfae392c94caa09f7287d2ee581{\nmargin-top:5px;\nmargin-bottom:75px;\n}\n.hr.av-l3mjv-00495cfae392c94caa09f7287d2ee581 .hr-inner{\nwidth:50px;\nborder-color:#104496;\n}\n<\/style>\n<div  class='hr av-l3mjv-00495cfae392c94caa09f7287d2ee581 hr-custom  avia-builder-el-1  el_after_av_heading  el_before_av_one_full  hr-center hr-icon-no'><span class='hr-inner inner-border-av-border-fat'><span class=\"hr-inner-style\"><\/span><\/span><\/div>\n\n<style type=\"text\/css\" data-created_by=\"avia_inline_auto\" id=\"style-css-av-jy6299f2-210c998c6cff34b9ef709b5407504f81\">\n.flex_column.av-jy6299f2-210c998c6cff34b9ef709b5407504f81{\n-webkit-border-radius:0px 0px 0px 0px;\n-moz-border-radius:0px 0px 0px 0px;\nborder-radius:0px 0px 0px 0px;\npadding:20px 20px 20px 20px;\n}\n<\/style>\n<div class='flex_column av-jy6299f2-210c998c6cff34b9ef709b5407504f81 av_one_full  avia-builder-el-2  el_after_av_hr  el_before_av_section  avia-builder-el-last  first flex_column_div '     ><section  class='av_textblock_section av-jy628z4a-20ef9b556005f8c6d5dfb66809a5b644'  itemscope=\"itemscope\" itemtype=\"https:\/\/schema.org\/CreativeWork\" ><div class='avia_textblock'  itemprop=\"text\" ><p>Wir besch\u00e4ftigen uns deutschlandweit beratend und praxisorientiert mit Leistungen rund um die Bereiche Neubau, Umbau, Sanierung und Instandhaltung von Immobilien.<\/p>\n<p>Schwerpunkt sind dabei alle Leistungen der Projekt- und Bauleitung sowie die Begehung, Begutachtung und Bewertung von Immobilien und Entwicklung von Instandhaltungsma\u00dfnahmen. Hierbei richtet sich unser Augenmerk stets auf die Bed\u00fcrfnisse unserer Auftraggeber aus der \u00f6ffentlichen Hand, der Industrie oder der Immobilienwirtschaft.<\/p>\n<p>Unser Anspruch ist der technisch sichere, \u00f6konomisch wie \u00f6kologisch sinnvolle Betrieb entlang des Lebenszyklus der Immobilie unter Einhaltung von Kosten, Terminen und Qualit\u00e4ten.<\/p>\n<p>Wir stehen Ihnen als kompetenter und zuverl\u00e4ssiger Partner bei allen Fragen und Problemen rund um Ihre pers\u00f6nliche Bauma\u00dfnahme oder im Rahmen eines Immobilienportfolios zur Verf\u00fcgung.<\/p>\n<\/div><\/section><\/div>\n<\/div><\/div><\/div><!-- close content main div --><\/div><\/div>\n<style type=\"text\/css\" data-created_by=\"avia_inline_auto\" id=\"style-css-av-dap1r-a92c37aa7e39f07ddf63f9becc8dae2a\">\n.avia-section.av-dap1r-a92c37aa7e39f07ddf63f9becc8dae2a{\nbackground-color:#fcfcfc;\nbackground-image:unset;\n}\n<\/style>\n<div id='av_section_1'  class='avia-section av-dap1r-a92c37aa7e39f07ddf63f9becc8dae2a main_color avia-section-large avia-no-shadow  avia-builder-el-4  el_after_av_one_full  el_before_av_section  avia-bg-style-scroll container_wrap sidebar_right'  ><div class='container av-section-cont-open' ><div class='template-page content  av-content-small alpha units'><div class='post-entry post-entry-type-page post-entry-31'><div class='entry-content-wrapper clearfix'>\n\n<style type=\"text\/css\" data-created_by=\"avia_inline_auto\" id=\"style-css-av-2l6t3-0fef22a00ce1d372564c471391088efe\">\n#top .av-special-heading.av-2l6t3-0fef22a00ce1d372564c471391088efe{\npadding-bottom:0;\n}\nbody .av-special-heading.av-2l6t3-0fef22a00ce1d372564c471391088efe .av-special-heading-tag .heading-char{\nfont-size:25px;\n}\n.av-special-heading.av-2l6t3-0fef22a00ce1d372564c471391088efe .av-subheading{\nfont-size:15px;\n}\n<\/style>\n<div  class='av-special-heading av-2l6t3-0fef22a00ce1d372564c471391088efe av-special-heading-h2 blockquote modern-quote modern-centered  avia-builder-el-5  el_before_av_hr  avia-builder-el-first '><h2 class='av-special-heading-tag'  itemprop=\"headline\"  >Mitarbeiter<\/h2><div class=\"special-heading-border\"><div class=\"special-heading-inner-border\"><\/div><\/div><\/div>\n\n<style type=\"text\/css\" data-created_by=\"avia_inline_auto\" id=\"style-css-av-l3mjv-6-b4903d301504811f9a0037ed65cabdf9\">\n#top .hr.av-l3mjv-6-b4903d301504811f9a0037ed65cabdf9{\nmargin-top:5px;\nmargin-bottom:75px;\n}\n.hr.av-l3mjv-6-b4903d301504811f9a0037ed65cabdf9 .hr-inner{\nwidth:50px;\nborder-color:#104496;\n}\n<\/style>\n<div  class='hr av-l3mjv-6-b4903d301504811f9a0037ed65cabdf9 hr-custom  avia-builder-el-6  el_after_av_heading  el_before_av_one_half  hr-center hr-icon-no'><span class='hr-inner inner-border-av-border-fat'><span class=\"hr-inner-style\"><\/span><\/span><\/div>\n<div class='flex_column_table av-xup3-6bb2ac95ae79df20c3f10474b80cfba2 sc-av_one_half av-equal-height-column-flextable'>\n<style type=\"text\/css\" data-created_by=\"avia_inline_auto\" id=\"style-css-av-xup3-6bb2ac95ae79df20c3f10474b80cfba2\">\n.flex_column.av-xup3-6bb2ac95ae79df20c3f10474b80cfba2{\n-webkit-border-radius:0px 0px 0px 0px;\n-moz-border-radius:0px 0px 0px 0px;\nborder-radius:0px 0px 0px 0px;\npadding:0px 0px 0px 0px;\n}\n<\/style>\n<div class='flex_column av-xup3-6bb2ac95ae79df20c3f10474b80cfba2 av_one_half  avia-builder-el-7  el_after_av_hr  el_before_av_one_half  first flex_column_table_cell av-equal-height-column av-align-middle av-zero-column-padding '     ><style type=\"text\/css\" data-created_by=\"avia_inline_auto\" id=\"style-css-av-7tqj-90198063063d1204fb6744c88f191655\">\n#top .av-special-heading.av-7tqj-90198063063d1204fb6744c88f191655{\npadding-bottom:0;\n}\nbody .av-special-heading.av-7tqj-90198063063d1204fb6744c88f191655 .av-special-heading-tag .heading-char{\nfont-size:25px;\n}\n.av-special-heading.av-7tqj-90198063063d1204fb6744c88f191655 .av-subheading{\nfont-size:15px;\n}\n<\/style>\n<div  class='av-special-heading av-7tqj-90198063063d1204fb6744c88f191655 av-special-heading-h3 blockquote modern-quote  avia-builder-el-8  avia-builder-el-no-sibling '><h3 class='av-special-heading-tag'  itemprop=\"headline\"  >Dipl.-Ing. Karsten Metz<\/h3><div class='av-subheading av-subheading_below'><p>Bauingenieur<\/p>\n<\/div><div class=\"special-heading-border\"><div class=\"special-heading-inner-border\"><\/div><\/div><\/div><\/div><div class='av-flex-placeholder'><\/div>\n<style type=\"text\/css\" data-created_by=\"avia_inline_auto\" id=\"style-css-av-8shxf-6863c87dd79faa25f6ae98daa855b95c\">\n.flex_column.av-8shxf-6863c87dd79faa25f6ae98daa855b95c{\n-webkit-border-radius:0px 0px 0px 0px;\n-moz-border-radius:0px 0px 0px 0px;\nborder-radius:0px 0px 0px 0px;\npadding:0px 0px 0px 0px;\n}\n<\/style>\n<div class='flex_column av-8shxf-6863c87dd79faa25f6ae98daa855b95c av_one_half  avia-builder-el-9  el_after_av_one_half  el_before_av_one_half  flex_column_table_cell av-equal-height-column av-align-middle av-animated-generic bottom-to-top av-zero-column-padding '     ><style type=\"text\/css\" data-created_by=\"avia_inline_auto\" id=\"style-css-av-1bmon-e39d6967644e188648c4c8845a1877db\">\n#top .av-special-heading.av-1bmon-e39d6967644e188648c4c8845a1877db{\npadding-bottom:0;\n}\nbody .av-special-heading.av-1bmon-e39d6967644e188648c4c8845a1877db .av-special-heading-tag .heading-char{\nfont-size:25px;\n}\n.av-special-heading.av-1bmon-e39d6967644e188648c4c8845a1877db .av-subheading{\nfont-size:15px;\n}\n<\/style>\n<div  class='av-special-heading av-1bmon-e39d6967644e188648c4c8845a1877db av-special-heading-h3 blockquote modern-quote  avia-builder-el-10  avia-builder-el-no-sibling '><h3 class='av-special-heading-tag'  itemprop=\"headline\"  >Maximilian Dittmann, M.Sc.<\/h3><div class='av-subheading av-subheading_below'><p>Bauingenieur<\/p>\n<\/div><div class=\"special-heading-border\"><div class=\"special-heading-inner-border\"><\/div><\/div><\/div><\/div><\/div><!--close column table wrapper. Autoclose: 1 -->\n<style type=\"text\/css\" data-created_by=\"avia_inline_auto\" id=\"style-css-av-8shxf-5-3b57d2c25229fc4982e68a2b040be541\">\n.flex_column.av-8shxf-5-3b57d2c25229fc4982e68a2b040be541{\n-webkit-border-radius:0px 0px 0px 0px;\n-moz-border-radius:0px 0px 0px 0px;\nborder-radius:0px 0px 0px 0px;\npadding:0px 0px 0px 0px;\n}\n<\/style>\n<div class='flex_column av-8shxf-5-3b57d2c25229fc4982e68a2b040be541 av_one_half  avia-builder-el-11  el_after_av_one_half  el_before_av_one_half  first flex_column_div av-animated-generic bottom-to-top av-zero-column-padding column-top-margin'     ><style type=\"text\/css\" data-created_by=\"avia_inline_auto\" id=\"style-css-av-t5vb-836b7fc9bafd9aad8b20ba9ab3c92c8b\">\n#top .av-special-heading.av-t5vb-836b7fc9bafd9aad8b20ba9ab3c92c8b{\npadding-bottom:0;\n}\nbody .av-special-heading.av-t5vb-836b7fc9bafd9aad8b20ba9ab3c92c8b .av-special-heading-tag .heading-char{\nfont-size:25px;\n}\n.av-special-heading.av-t5vb-836b7fc9bafd9aad8b20ba9ab3c92c8b .av-subheading{\nfont-size:15px;\n}\n<\/style>\n<div  class='av-special-heading av-t5vb-836b7fc9bafd9aad8b20ba9ab3c92c8b av-special-heading-h3 blockquote modern-quote  avia-builder-el-12  avia-builder-el-no-sibling  av-linked-heading'><h3 class='av-special-heading-tag'  itemprop=\"headline\"  >Holger Dokters<\/h3><div class='av-subheading av-subheading_below'><p>Dipl. Bauingeneur<\/p>\n<\/div><div class=\"special-heading-border\"><div class=\"special-heading-inner-border\"><\/div><\/div><\/div><\/div>\n<style type=\"text\/css\" data-created_by=\"avia_inline_auto\" id=\"style-css-av-8shxf-4-593f72dadd7fd6ebb6585f52d241af63\">\n.flex_column.av-8shxf-4-593f72dadd7fd6ebb6585f52d241af63{\n-webkit-border-radius:0px 0px 0px 0px;\n-moz-border-radius:0px 0px 0px 0px;\nborder-radius:0px 0px 0px 0px;\npadding:0px 0px 0px 0px;\n}\n<\/style>\n<div class='flex_column av-8shxf-4-593f72dadd7fd6ebb6585f52d241af63 av_one_half  avia-builder-el-13  el_after_av_one_half  el_before_av_one_full  flex_column_div av-animated-generic bottom-to-top av-zero-column-padding column-top-margin'     ><style type=\"text\/css\" data-created_by=\"avia_inline_auto\" id=\"style-css-av-krn8uzze-29a82711eabf7e9bb78b71cb080f3e5b\">\n#top .av-special-heading.av-krn8uzze-29a82711eabf7e9bb78b71cb080f3e5b{\npadding-bottom:0;\n}\nbody .av-special-heading.av-krn8uzze-29a82711eabf7e9bb78b71cb080f3e5b .av-special-heading-tag .heading-char{\nfont-size:25px;\n}\n.av-special-heading.av-krn8uzze-29a82711eabf7e9bb78b71cb080f3e5b .av-subheading{\nfont-size:15px;\n}\n<\/style>\n<div  class='av-special-heading av-krn8uzze-29a82711eabf7e9bb78b71cb080f3e5b av-special-heading-h3 blockquote modern-quote  avia-builder-el-14  avia-builder-el-no-sibling '><h3 class='av-special-heading-tag'  itemprop=\"headline\"  >Alexandra Rust<\/h3><div class='av-subheading av-subheading_below'><p>Sekretariat<\/p>\n<\/div><div class=\"special-heading-border\"><div class=\"special-heading-inner-border\"><\/div><\/div><\/div><\/div>\n<style type=\"text\/css\" data-created_by=\"avia_inline_auto\" id=\"style-css-av-8shxf-3-34425fee8399c2d4a71e31f990948f1c\">\n.flex_column.av-8shxf-3-34425fee8399c2d4a71e31f990948f1c{\n-webkit-border-radius:0px 0px 0px 0px;\n-moz-border-radius:0px 0px 0px 0px;\nborder-radius:0px 0px 0px 0px;\npadding:0px 0px 0px 0px;\n}\n<\/style>\n<div class='flex_column av-8shxf-3-34425fee8399c2d4a71e31f990948f1c av_one_full  avia-builder-el-15  el_after_av_one_half  avia-builder-el-last  first flex_column_div av-animated-generic bottom-to-top av-zero-column-padding column-top-margin'     ><style type=\"text\/css\" data-created_by=\"avia_inline_auto\" id=\"style-css-av-krn8uhkn-880279147952643e79ce5f2e514821ea\">\n#top .av-special-heading.av-krn8uhkn-880279147952643e79ce5f2e514821ea{\npadding-bottom:0;\n}\nbody .av-special-heading.av-krn8uhkn-880279147952643e79ce5f2e514821ea .av-special-heading-tag .heading-char{\nfont-size:25px;\n}\n.av-special-heading.av-krn8uhkn-880279147952643e79ce5f2e514821ea .av-subheading{\nfont-size:15px;\n}\n<\/style>\n<div  class='av-special-heading av-krn8uhkn-880279147952643e79ce5f2e514821ea av-special-heading-h3 blockquote modern-quote  avia-builder-el-16  avia-builder-el-no-sibling  av-linked-heading'><h3 class='av-special-heading-tag'  itemprop=\"headline\"  ><a class=\"av-heading-link\" href=\"http:\/\/del-IT.de\" target=\"_blank\" rel=\"noopener noreferrer\">Denis Lippok<\/a><\/h3><div class='av-subheading av-subheading_below'><p>EDV \/ IT<\/p>\n<\/div><div class=\"special-heading-border\"><div class=\"special-heading-inner-border\"><\/div><\/div><\/div><\/div><\/div><\/div><\/div><!-- close content main div --><\/div><\/div><div id='av_section_2'  class='avia-section av-mi1wn-886f6a91a66d2098bc2b7c6c1fd28ce1 main_color avia-section-large avia-no-border-styling  avia-builder-el-17  el_after_av_section  avia-builder-el-last  avia-bg-style-scroll container_wrap sidebar_right'  ><div class='container av-section-cont-open' ><div class='template-page content  av-content-small alpha units'><div class='post-entry post-entry-type-page post-entry-31'><div class='entry-content-wrapper clearfix'>\n\n<style type=\"text\/css\" data-created_by=\"avia_inline_auto\" id=\"style-css-av-kquir-28f38fb4f91b46d0b588e49374f73e3c\">\n.flex_column.av-kquir-28f38fb4f91b46d0b588e49374f73e3c{\n-webkit-border-radius:0px 0px 0px 0px;\n-moz-border-radius:0px 0px 0px 0px;\nborder-radius:0px 0px 0px 0px;\npadding:0px 0px 0px 0px;\n}\n<\/style>\n<div class='flex_column av-kquir-28f38fb4f91b46d0b588e49374f73e3c av_one_third  avia-builder-el-18  el_before_av_one_third  avia-builder-el-first  first flex_column_div av-animated-generic bottom-to-top av-zero-column-padding '     ><article  class='iconbox iconbox_left_content av-k7293-45c119e2ba671bdd04b7d72ff40ce477  avia-builder-el-19  avia-builder-el-no-sibling '  itemscope=\"itemscope\" itemtype=\"https:\/\/schema.org\/CreativeWork\" ><div class=\"iconbox_icon heading-color\" aria-hidden='true' data-av_icon='\ue812' data-av_iconfont='entypo-fontello'><\/div><div class=\"iconbox_content\"><header class=\"entry-content-header\"><h3 class='iconbox_content_title '  itemprop=\"headline\" >WIR WISSEN WIE ES GEHT<\/h3><\/header><div class='iconbox_content_container '  itemprop=\"text\" ><\/div><\/div><footer class=\"entry-footer\"><\/footer><\/article><\/div>\n<style type=\"text\/css\" data-created_by=\"avia_inline_auto\" id=\"style-css-av-kquir-2-6759a9ae074e9568c3648af4ba7b245a\">\n.flex_column.av-kquir-2-6759a9ae074e9568c3648af4ba7b245a{\n-webkit-border-radius:0px 0px 0px 0px;\n-moz-border-radius:0px 0px 0px 0px;\nborder-radius:0px 0px 0px 0px;\npadding:0px 0px 0px 0px;\n}\n<\/style>\n<div class='flex_column av-kquir-2-6759a9ae074e9568c3648af4ba7b245a av_one_third  avia-builder-el-20  el_after_av_one_third  el_before_av_one_third  flex_column_div av-animated-generic bottom-to-top av-zero-column-padding '     ><article  class='iconbox iconbox_left_content av-k7293-1-862dd70d6e31c14a6ddb76b7b8bf1e0d  avia-builder-el-21  avia-builder-el-no-sibling '  itemscope=\"itemscope\" itemtype=\"https:\/\/schema.org\/CreativeWork\" ><div class=\"iconbox_icon heading-color\" aria-hidden='true' data-av_icon='\ue80a' data-av_iconfont='entypo-fontello'><\/div><div class=\"iconbox_content\"><header class=\"entry-content-header\"><h3 class='iconbox_content_title '  itemprop=\"headline\" >ALLES AUS EINER HAND<\/h3><\/header><div class='iconbox_content_container '  itemprop=\"text\" ><\/div><\/div><footer class=\"entry-footer\"><\/footer><\/article><\/div>\n<style type=\"text\/css\" data-created_by=\"avia_inline_auto\" id=\"style-css-av-1srkz-090de14abe9d629aeae66fc5409dbb2b\">\n.flex_column.av-1srkz-090de14abe9d629aeae66fc5409dbb2b{\n-webkit-border-radius:0px 0px 0px 0px;\n-moz-border-radius:0px 0px 0px 0px;\nborder-radius:0px 0px 0px 0px;\npadding:0px 0px 0px 0px;\n}\n<\/style>\n<div class='flex_column av-1srkz-090de14abe9d629aeae66fc5409dbb2b av_one_third  avia-builder-el-22  el_after_av_one_third  avia-builder-el-last  flex_column_div av-animated-generic bottom-to-top av-zero-column-padding '     ><article  class='iconbox iconbox_left_content av-hrwwn-29739731ce88977a55b69367d471c748  avia-builder-el-23  avia-builder-el-no-sibling '  itemscope=\"itemscope\" itemtype=\"https:\/\/schema.org\/CreativeWork\" ><div class=\"iconbox_icon heading-color\" aria-hidden='true' data-av_icon='\ue862' data-av_iconfont='entypo-fontello'><\/div><div class=\"iconbox_content\"><header class=\"entry-content-header\"><h3 class='iconbox_content_title '  itemprop=\"headline\" >JAHRE LANGE ERFAHRUNG<\/h3><\/header><div class='iconbox_content_container '  itemprop=\"text\" ><\/div><\/div><footer class=\"entry-footer\"><\/footer><\/article><\/div>\n<\/div><\/div><\/div><!-- close content main div --><\/div><\/div><div id='after_section_2'  class='main_color av_default_container_wrap container_wrap sidebar_right'  ><div class='container av-section-cont-open' ><div class='template-page content  av-content-small alpha units'><div class='post-entry post-entry-type-page post-entry-31'><div class='entry-content-wrapper clearfix'><\/p>\n","protected":false},"excerpt":{"rendered":"","protected":false},"author":2,"featured_media":0,"parent":0,"menu_order":0,"comment_status":"closed","ping_status":"closed","template":"","meta":{"_monsterinsights_skip_tracking":false,"_monsterinsights_sitenote_active":false,"_monsterinsights_sitenote_note":"","_monsterinsights_sitenote_category":0,"footnotes":""},"class_list":["post-31","page","type-page","status-publish","hentry"],"aioseo_notices":[],"_links":{"self":[{"href":"https:\/\/metz-hagen.de\/index.php?rest_route=\/wp\/v2\/pages\/31","targetHints":{"allow":["GET"]}}],"collection":[{"href":"https:\/\/metz-hagen.de\/index.php?rest_route=\/wp\/v2\/pages"}],"about":[{"href":"https:\/\/metz-hagen.de\/index.php?rest_route=\/wp\/v2\/types\/page"}],"author":[{"embeddable":true,"href":"https:\/\/metz-hagen.de\/index.php?rest_route=\/wp\/v2\/users\/2"}],"replies":[{"embeddable":true,"href":"https:\/\/metz-hagen.de\/index.php?rest_route=%2Fwp%2Fv2%2Fcomments&post=31"}],"version-history":[{"count":26,"href":"https:\/\/metz-hagen.de\/index.php?rest_route=\/wp\/v2\/pages\/31\/revisions"}],"predecessor-version":[{"id":1995,"href":"https:\/\/metz-hagen.de\/index.php?rest_route=\/wp\/v2\/pages\/31\/revisions\/1995"}],"wp:attachment":[{"href":"https:\/\/metz-hagen.de\/index.php?rest_route=%2Fwp%2Fv2%2Fmedia&parent=31"}],"curies":[{"name":"wp","href":"https:\/\/api.w.org\/{rel}","templated":true}]}}